{"id":182,"date":"2023-01-01T13:12:09","date_gmt":"2023-01-01T13:12:09","guid":{"rendered":"https:\/\/vanessasdomain.com\/?page_id=182"},"modified":"2023-01-01T13:12:09","modified_gmt":"2023-01-01T13:12:09","slug":"domain-of-samas","status":"publish","type":"page","link":"https:\/\/vanessasdomain.com\/?page_id=182","title":{"rendered":"Domain of \u0160ama\u0161"},"content":{"rendered":"\n<h1 class=\"wp-block-heading\">Domain of \u0160ama\u0161<\/h1>\n\n\n\n<p><strong>\u0160ama\u0161<\/strong> is lord of the sun, of all things of justice, of mortality, and of truth and through his healing powers the great physician brings life into the land. He teaches the art of exorcism, of healing, and of shining light into the darkness. (Black et al. 182-184)<\/p>\n\n\n\n<p>His sign: \ud808\udc2d\ud808\udf13<\/p>\n\n\n\n<p>This is his holy symbol:&nbsp;<\/p>\n\n\n\n<figure class=\"wp-block-image\"><img decoding=\"async\" src=\"https:\/\/www.the-ekur.com\/wp-content\/uploads\/2018\/12\/Star_of_Shamash-1024x1024.png\" alt=\"\" class=\"wp-image-679\"\/><figcaption class=\"wp-element-caption\">(Becker 283)<\/figcaption><\/figure>\n\n\n\n<p>Astrological Domain: Sun<\/p>\n\n\n\n<p>Laymen of Lord \u0160ama\u0161:<\/p>\n\n\n\n<figure class=\"wp-block-image\"><img decoding=\"async\" src=\"https:\/\/www.the-ekur.com\/wp-content\/uploads\/2020\/02\/Shamash-Layman.png\" alt=\"\" class=\"wp-image-1387\"\/><\/figure>\n\n\n\n<p>Adoration of \u0160ama\u0161:<\/p>\n\n\n\n<p><em>I greet thee, \u0160ama\u0161, great physician, as you cut your way through the mountain, as you mount your winged chariot and Bunene takes flight, may your light shine! Hail \u0160ama\u0161, who brings life to the plants and shines his light over the Earth. \u0160ama\u0161 be praised! \u0160ama\u0161 stands at the gates of Kur with Sherida at his side. Tammuz and Ningizada open the gates for the great judge to enter! Hail \u0160ama\u0161, who brings justice! \u0160ama\u0161, divine judge of the dead, who holds court for those who have passed, who keeps the e\u1e6demmu in line, divine \u0160ama\u0161, may your verdict be just. May your judgement be swift and just oh Lord of Light! \u0160ama\u0161 be praised! \u0160ama\u0161, great lord of the healing light, divine lord who travels the heavens daily, I call to you that you might see my devotion. I call to you that you might bless me with your healing light and bring judgement upon my enemies. \u0160ama\u0161 be praised!<\/em><\/p>\n","protected":false},"excerpt":{"rendered":"<p>Domain of \u0160ama\u0161 \u0160ama\u0161 is lord of the sun, of all things of justice, of mortality, and of truth and through his healing powers the great physician brings life into the land. He teaches the art of exorcism, of healing, and of shining light into the darkness. (Black et al. 182-184) His sign: \ud808\udc2d\ud808\udf13 This &hellip; <\/p>\n<p class=\"link-more\"><a href=\"https:\/\/vanessasdomain.com\/?page_id=182\" class=\"more-link\">Continue reading<span class=\"screen-reader-text\"> &#8220;Domain of \u0160ama\u0161&#8221;<\/span><\/a><\/p>\n","protected":false},"author":1,"featured_media":0,"parent":0,"menu_order":0,"comment_status":"closed","ping_status":"closed","template":"","meta":{"footnotes":""},"class_list":["post-182","page","type-page","status-publish","hentry"],"_links":{"self":[{"href":"https:\/\/vanessasdomain.com\/index.php?rest_route=\/wp\/v2\/pages\/182","targetHints":{"allow":["GET"]}}],"collection":[{"href":"https:\/\/vanessasdomain.com\/index.php?rest_route=\/wp\/v2\/pages"}],"about":[{"href":"https:\/\/vanessasdomain.com\/index.php?rest_route=\/wp\/v2\/types\/page"}],"author":[{"embeddable":true,"href":"https:\/\/vanessasdomain.com\/index.php?rest_route=\/wp\/v2\/users\/1"}],"replies":[{"embeddable":true,"href":"https:\/\/vanessasdomain.com\/index.php?rest_route=%2Fwp%2Fv2%2Fcomments&post=182"}],"version-history":[{"count":1,"href":"https:\/\/vanessasdomain.com\/index.php?rest_route=\/wp\/v2\/pages\/182\/revisions"}],"predecessor-version":[{"id":183,"href":"https:\/\/vanessasdomain.com\/index.php?rest_route=\/wp\/v2\/pages\/182\/revisions\/183"}],"wp:attachment":[{"href":"https:\/\/vanessasdomain.com\/index.php?rest_route=%2Fwp%2Fv2%2Fmedia&parent=182"}],"curies":[{"name":"wp","href":"https:\/\/api.w.org\/{rel}","templated":true}]}}