{"id":188,"date":"2023-01-01T13:13:34","date_gmt":"2023-01-01T13:13:34","guid":{"rendered":"https:\/\/vanessasdomain.com\/?page_id=188"},"modified":"2023-01-01T13:13:34","modified_gmt":"2023-01-01T13:13:34","slug":"domain-of-nabu","status":"publish","type":"page","link":"https:\/\/vanessasdomain.com\/?page_id=188","title":{"rendered":"Domain of Nab\u016b"},"content":{"rendered":"\n<h1 class=\"wp-block-heading\">Domain of Nab\u016b<\/h1>\n\n\n\n<p><strong>Nab\u016b <\/strong>is the lord of writing.<\/p>\n\n\n\n<p>His sign: \ud808\udc2d\ud808\udc1d<\/p>\n\n\n\n<p>This is his holy symbol:<\/p>\n\n\n\n<figure class=\"wp-block-image\"><img decoding=\"async\" src=\"https:\/\/www.the-ekur.com\/wp-content\/uploads\/2019\/09\/Nisaba.png\" alt=\"\" class=\"wp-image-968\"\/><\/figure>\n\n\n\n<p>Astrological Domain: Mercury<\/p>\n\n\n\n<p><strong>Nab\u016b<\/strong> is the Babylonian god of writing.<\/p>\n\n\n\n<p>Laymen of Lord Nab\u016b:<\/p>\n\n\n\n<figure class=\"wp-block-image\"><img decoding=\"async\" src=\"https:\/\/www.the-ekur.com\/wp-content\/uploads\/2020\/02\/Nabu-Layman.png\" alt=\"\" class=\"wp-image-1399\"\/><\/figure>\n\n\n\n<p>Adoration of Nab\u016b:<\/p>\n\n\n\n<p>To my lord Nab\u016b, yo the merciful one, to the helper, to the one who forgives, whose attribute it is to pardon quickly, say secondly; As to his name, he is called by a magnificent name, from his mother\u2019s womb onwards his fate is a good fate, to him say for a third time: My mighty well-disposed master, a lord, whose word is truth, you are. Thus say I, a reverent servant, who is very anxious about your word and day and night before god and goddess occupied with prayers to you, your servant: Now, my lord, you are asking for me, therefore I will tell my lord the difficulties that faced me. (Streck et al. SEAL no. 1647)<\/p>\n","protected":false},"excerpt":{"rendered":"<p>Domain of Nab\u016b Nab\u016b is the lord of writing. His sign: \ud808\udc2d\ud808\udc1d This is his holy symbol: Astrological Domain: Mercury Nab\u016b is the Babylonian god of writing. Laymen of Lord Nab\u016b: Adoration of Nab\u016b: To my lord Nab\u016b, yo the merciful one, to the helper, to the one who forgives, whose attribute it is to &hellip; <\/p>\n<p class=\"link-more\"><a href=\"https:\/\/vanessasdomain.com\/?page_id=188\" class=\"more-link\">Continue reading<span class=\"screen-reader-text\"> &#8220;Domain of Nab\u016b&#8221;<\/span><\/a><\/p>\n","protected":false},"author":1,"featured_media":0,"parent":0,"menu_order":0,"comment_status":"closed","ping_status":"closed","template":"","meta":{"footnotes":""},"class_list":["post-188","page","type-page","status-publish","hentry"],"_links":{"self":[{"href":"https:\/\/vanessasdomain.com\/index.php?rest_route=\/wp\/v2\/pages\/188","targetHints":{"allow":["GET"]}}],"collection":[{"href":"https:\/\/vanessasdomain.com\/index.php?rest_route=\/wp\/v2\/pages"}],"about":[{"href":"https:\/\/vanessasdomain.com\/index.php?rest_route=\/wp\/v2\/types\/page"}],"author":[{"embeddable":true,"href":"https:\/\/vanessasdomain.com\/index.php?rest_route=\/wp\/v2\/users\/1"}],"replies":[{"embeddable":true,"href":"https:\/\/vanessasdomain.com\/index.php?rest_route=%2Fwp%2Fv2%2Fcomments&post=188"}],"version-history":[{"count":1,"href":"https:\/\/vanessasdomain.com\/index.php?rest_route=\/wp\/v2\/pages\/188\/revisions"}],"predecessor-version":[{"id":189,"href":"https:\/\/vanessasdomain.com\/index.php?rest_route=\/wp\/v2\/pages\/188\/revisions\/189"}],"wp:attachment":[{"href":"https:\/\/vanessasdomain.com\/index.php?rest_route=%2Fwp%2Fv2%2Fmedia&parent=188"}],"curies":[{"name":"wp","href":"https:\/\/api.w.org\/{rel}","templated":true}]}}